{"id":521,"date":"2025-09-04T19:08:00","date_gmt":"2025-09-04T19:08:00","guid":{"rendered":"https:\/\/www.lefrenchtalkstudio.com\/?page_id=521"},"modified":"2025-09-16T17:14:48","modified_gmt":"2025-09-16T17:14:48","slug":"sobre-mi-2","status":"publish","type":"page","link":"https:\/\/www.lefrenchtalkstudio.com\/es\/sobre-mi-2\/","title":{"rendered":"Sobre m\u00ed"},"content":{"rendered":"<div data-elementor-type=\"wp-page\" data-elementor-id=\"521\" class=\"elementor elementor-521\" data-elementor-post-type=\"page\">\n\t\t\t\t\t\t<section class=\"elementor-section elementor-top-section elementor-element elementor-element-577d6fa8 elementor-section-boxed elementor-section-height-default elementor-section-height-default\" data-id=\"577d6fa8\" data-element_type=\"section\" data-settings=\"{&quot;background_background&quot;:&quot;classic&quot;}\">\n\t\t\t\t\t\t<div class=\"elementor-container elementor-column-gap-default\">\n\t\t\t\t\t<div class=\"elementor-column elementor-col-100 elementor-top-column elementor-element elementor-element-3aa97f5a\" data-id=\"3aa97f5a\" data-element_type=\"column\">\n\t\t\t<div class=\"elementor-widget-wrap elementor-element-populated\">\n\t\t\t\t\t\t<div class=\"elementor-element elementor-element-42d6289 elementor-widget elementor-widget-heading\" data-id=\"42d6289\" data-element_type=\"widget\" data-widget_type=\"heading.default\">\n\t\t\t\t\t<h2 class=\"elementor-heading-title elementor-size-h1\">\u00bfQui\u00e9n soy?<\/h2>\t\t\t\t<\/div>\n\t\t\t\t<div class=\"elementor-element elementor-element-eb0a04c elementor-hidden-desktop elementor-hidden-tablet elementor-hidden-mobile elementor-widget elementor-widget-html\" data-id=\"eb0a04c\" data-element_type=\"widget\" data-widget_type=\"html.default\">\n\t\t\t\t\t<!-- Icono dentro de c\u00edrculo blanco -->\r\n<div style=\"  width: 200px;   height: 200px;   background: #ffffff;   border-radius: 50%;   display: flex;   align-items: center;   justify-content: center;   box-shadow: 0 6px 18px rgba(0,0,0,0.15);   margin: 0 auto;\">\r\n  \r\n  <div style=\"font-size: 90px;\">\ud83d\udc69\u200d\ud83c\udfeb<\/div>\r\n<\/div>\r\n\t\t\t\t<\/div>\n\t\t\t\t<div class=\"elementor-element elementor-element-d9867f9 elementor-widget__width-initial elementor-widget elementor-widget-image\" data-id=\"d9867f9\" data-element_type=\"widget\" data-widget_type=\"image.default\">\n\t\t\t\t\t\t\t\t\t\t\t\t\t\t\t<img fetchpriority=\"high\" decoding=\"async\" width=\"320\" height=\"320\" src=\"https:\/\/www.lefrenchtalkstudio.com\/wp-content\/uploads\/2025\/08\/image-2.webp\" class=\"attachment-large size-large wp-image-177\" alt=\"\" srcset=\"https:\/\/www.lefrenchtalkstudio.com\/wp-content\/uploads\/2025\/08\/image-2.webp 320w, https:\/\/www.lefrenchtalkstudio.com\/wp-content\/uploads\/2025\/08\/image-2-300x300.webp 300w, https:\/\/www.lefrenchtalkstudio.com\/wp-content\/uploads\/2025\/08\/image-2-150x150.webp 150w\" sizes=\"(max-width: 320px) 100vw, 320px\" \/>\t\t\t\t\t\t\t\t\t\t\t\t\t\t\t<\/div>\n\t\t\t\t\t<\/div>\n\t\t<\/div>\n\t\t\t\t\t<\/div>\n\t\t<\/section>\n\t\t\t\t<section class=\"elementor-section elementor-top-section elementor-element elementor-element-2b0fe084 elementor-section-boxed elementor-section-height-default elementor-section-height-default\" data-id=\"2b0fe084\" data-element_type=\"section\" data-settings=\"{&quot;background_background&quot;:&quot;classic&quot;}\">\n\t\t\t\t\t\t<div class=\"elementor-container elementor-column-gap-default\">\n\t\t\t\t\t<div class=\"elementor-column elementor-col-100 elementor-top-column elementor-element elementor-element-4dd00fcd\" data-id=\"4dd00fcd\" data-element_type=\"column\">\n\t\t\t<div class=\"elementor-widget-wrap elementor-element-populated\">\n\t\t\t\t\t\t<div class=\"elementor-element elementor-element-2bcd72a7 elementor-widget elementor-widget-text-editor\" data-id=\"2bcd72a7\" data-element_type=\"widget\" data-widget_type=\"text-editor.default\">\n\t\t\t\t\t\t\t\t\t<div style=\"background: #ffffff; padding: 30px; border-radius: 15px; max-width: 600px; margin: 0 auto; box-shadow: 0 4px 15px rgba(0,0,0,0.1);\"><p style=\"color: #2a2a2a; font-size: 16px; line-height: 1.6; margin: 0;\">Soy Margot, profesora de franc\u00e9s con sede en <strong>Lyon<\/strong>. He acompa\u00f1ado a m\u00e1s de <strong>200 estudiantes<\/strong> y he impartido m\u00e1s de <strong>3.500 clases<\/strong> con un enfoque humano, original y centrado en la conversaci\u00f3n. Tengo una amplia formaci\u00f3n en ling\u00fc\u00edstica aplicada y pedagog\u00eda, pero sobre todo en las siguientes \u00e1reas <strong>speak truth<\/strong>.<\/p><\/div>\t\t\t\t\t\t\t\t<\/div>\n\t\t\t\t\t<\/div>\n\t\t<\/div>\n\t\t\t\t\t<\/div>\n\t\t<\/section>\n\t\t\t\t<section class=\"elementor-section elementor-top-section elementor-element elementor-element-7510eeef elementor-section-boxed elementor-section-height-default elementor-section-height-default\" data-id=\"7510eeef\" data-element_type=\"section\" data-settings=\"{&quot;background_background&quot;:&quot;classic&quot;}\">\n\t\t\t\t\t\t<div class=\"elementor-container elementor-column-gap-default\">\n\t\t\t\t\t<div class=\"elementor-column elementor-col-100 elementor-top-column elementor-element elementor-element-32cf10cb\" data-id=\"32cf10cb\" data-element_type=\"column\">\n\t\t\t<div class=\"elementor-widget-wrap elementor-element-populated\">\n\t\t\t\t\t\t<div class=\"elementor-element elementor-element-3dda009f elementor-widget elementor-widget-text-editor\" data-id=\"3dda009f\" data-element_type=\"widget\" data-widget_type=\"text-editor.default\">\n\t\t\t\t\t\t\t\t\t<div style=\"background: #ffffff; padding: 30px; border-radius: 15px; max-width: 600px; margin: 0 auto; box-shadow: 0 4px 15px rgba(0,0,0,0.1);\"><p style=\"color: #2a2a2a; font-size: 16px; line-height: 1.6; margin: 0;\">Yo tambi\u00e9n viv\u00ed por ah\u00ed. Estudi\u00e9 idiomas en la escuela, pero cuando me atrev\u00ed a hablar, cuando llegu\u00e9 a M\u00e9xico, no pod\u00eda decir una frase. S\u00f3lo con pr\u00e1ctica constante y conversaci\u00f3n real se puede hablar con fluidez. Por eso cre\u00ed <strong>Estudio French Talk<\/strong>.<\/p><\/div>\t\t\t\t\t\t\t\t<\/div>\n\t\t\t\t\t<\/div>\n\t\t<\/div>\n\t\t\t\t\t<\/div>\n\t\t<\/section>\n\t\t\t\t<section class=\"elementor-section elementor-top-section elementor-element elementor-element-736d7baf elementor-section-boxed elementor-section-height-default elementor-section-height-default\" data-id=\"736d7baf\" data-element_type=\"section\" data-settings=\"{&quot;background_background&quot;:&quot;classic&quot;}\">\n\t\t\t\t\t\t<div class=\"elementor-container elementor-column-gap-default\">\n\t\t\t\t\t<div class=\"elementor-column elementor-col-100 elementor-top-column elementor-element elementor-element-6c50eeb6\" data-id=\"6c50eeb6\" data-element_type=\"column\">\n\t\t\t<div class=\"elementor-widget-wrap elementor-element-populated\">\n\t\t\t\t\t\t<div class=\"elementor-element elementor-element-6d386287 elementor-widget elementor-widget-text-editor\" data-id=\"6d386287\" data-element_type=\"widget\" data-widget_type=\"text-editor.default\">\n\t\t\t\t\t\t\t\t\t<div style=\"background: #ffffff; padding: 30px; border-radius: 15px; max-width: 600px; margin: 0 auto; box-shadow: 0 4px 15px rgba(0,0,0,0.1);\"><h3 style=\"color: #4d45cf; font-size: 20px; margin: 0 0 20px 0; display: flex; align-items: center;\"><span style=\"margin-right: 10px;\">\ud83d\udcda<\/span> Por qu\u00e9 cre\u00e9 el French Talk Studio<\/h3><p style=\"color: #2a2a2a; font-size: 16px; line-height: 1.6; margin: 0 0 15px 0;\"><strong>Siempre vi los mismos problemas:<\/strong><\/p><ul style=\"color: #2a2a2a; font-size: 16px; line-height: 1.6; margin: 0; padding-left: 20px;\"><li style=\"margin-bottom: 8px;\">Estudiantes que estudiaban, pero no se atrev\u00edan a hablar<\/li><li style=\"margin-bottom: 8px;\">Miedo a equivocarse y bloquearse al expresar sus pensamientos<\/li><li style=\"margin-bottom: 8px;\">Clases demasiado te\u00f3ricas sin pr\u00e1ctica real de conversaci\u00f3n<\/li><\/ul><p style=\"color: #2a2a2a; font-size: 16px; line-height: 1.6; margin: 15px 0 0 0;\"><strong>Quer\u00eda crear algo diferente:<\/strong><\/p><ul style=\"color: #2a2a2a; font-size: 16px; line-height: 1.6; margin: 0; padding-left: 20px;\"><li style=\"margin-bottom: 8px;\">Un espacio donde puedas practicar con regularidad, con apoyo<\/li><li style=\"margin-bottom: 8px;\">Temas actuales de conversaci\u00f3n reales sobre lo que importa<\/li><li style=\"margin-bottom: 8px;\">Donde te sientas c\u00f3modo\/a para progresar sin miedo<\/li><\/ul><\/div>\t\t\t\t\t\t\t\t<\/div>\n\t\t\t\t\t<\/div>\n\t\t<\/div>\n\t\t\t\t\t<\/div>\n\t\t<\/section>\n\t\t\t\t<section class=\"elementor-section elementor-top-section elementor-element elementor-element-3b2cbfb2 elementor-section-boxed elementor-section-height-default elementor-section-height-default\" data-id=\"3b2cbfb2\" data-element_type=\"section\" data-settings=\"{&quot;background_background&quot;:&quot;classic&quot;}\">\n\t\t\t\t\t\t<div class=\"elementor-container elementor-column-gap-default\">\n\t\t\t\t\t<div class=\"elementor-column elementor-col-100 elementor-top-column elementor-element elementor-element-7f26b977\" data-id=\"7f26b977\" data-element_type=\"column\">\n\t\t\t<div class=\"elementor-widget-wrap elementor-element-populated\">\n\t\t\t\t\t\t<div class=\"elementor-element elementor-element-6ef7d050 elementor-widget elementor-widget-text-editor\" data-id=\"6ef7d050\" data-element_type=\"widget\" data-widget_type=\"text-editor.default\">\n\t\t\t\t\t\t\t\t\t<div style=\"background: #ffffff; padding: 30px; border-radius: 15px; max-width: 600px; margin: 0 auto; box-shadow: 0 4px 15px rgba(0,0,0,0.1);\"><h2 style=\"color: #4d45cf; font-size: 20px; margin: 0 0 20px 0; display: flex; align-items: center;\"><span style=\"margin-right: 10px;\">\ud83c\udfaf<\/span> Mi misi\u00f3n<\/h2><p style=\"color: #2a2a2a; font-size: 16px; line-height: 1.6; margin: 0 0 15px 0;\">Ayudarte a reactivar tu franc\u00e9s, hablar con naturalidad y recuperar tu confianza - sin necesidad de vivir en Francia.<\/p><p style=\"color: #2a2a2a; font-size: 16px; line-height: 1.6; margin: 0 0 15px 0;\"><strong>Con:<\/strong><\/p><ul style=\"color: #2a2a2a; font-size: 16px; line-height: 1.6; margin: 0; padding-left: 20px;\"><li style=\"margin-bottom: 8px;\">Clases, podcasts y temas de actualidad<\/li><li style=\"margin-bottom: 8px;\">Ejercicios reales y aut\u00e9nticos con situaciones personalizadas<\/li><li style=\"margin-bottom: 8px;\">Un entorno de apoyo y motivaci\u00f3n<\/li><\/ul><\/div>\t\t\t\t\t\t\t\t<\/div>\n\t\t\t\t\t<\/div>\n\t\t<\/div>\n\t\t\t\t\t<\/div>\n\t\t<\/section>\n\t\t\t\t<section class=\"elementor-section elementor-top-section elementor-element elementor-element-725c55c2 elementor-section-boxed elementor-section-height-default elementor-section-height-default\" data-id=\"725c55c2\" data-element_type=\"section\" data-settings=\"{&quot;background_background&quot;:&quot;classic&quot;}\">\n\t\t\t\t\t\t<div class=\"elementor-container elementor-column-gap-default\">\n\t\t\t\t\t<div class=\"elementor-column elementor-col-100 elementor-top-column elementor-element elementor-element-3767c801\" data-id=\"3767c801\" data-element_type=\"column\">\n\t\t\t<div class=\"elementor-widget-wrap elementor-element-populated\">\n\t\t\t\t\t\t<div class=\"elementor-element elementor-element-21ce3d6e elementor-widget elementor-widget-heading\" data-id=\"21ce3d6e\" data-element_type=\"widget\" data-widget_type=\"heading.default\">\n\t\t\t\t\t<h2 class=\"elementor-heading-title elementor-size-h2\">\u00bfListo para recuperar la confianza en franc\u00e9s?<\/h2>\t\t\t\t<\/div>\n\t\t\t\t<div class=\"elementor-element elementor-element-5f422040 elementor-align-center elementor-widget elementor-widget-button\" data-id=\"5f422040\" data-element_type=\"widget\" data-widget_type=\"button.default\">\n\t\t\t\t\t\t\t\t\t\t<a class=\"elementor-button elementor-button-link elementor-size-sm\" href=\"\/contacto\/\">\n\t\t\t\t\t\t<span class=\"elementor-button-content-wrapper\">\n\t\t\t\t\t\t\t\t\t<span class=\"elementor-button-text\">Cont\u00e1ctame<\/span>\n\t\t\t\t\t<\/span>\n\t\t\t\t\t<\/a>\n\t\t\t\t\t\t\t\t<\/div>\n\t\t\t\t\t<\/div>\n\t\t<\/div>\n\t\t\t\t\t<\/div>\n\t\t<\/section>\n\t\t\t\t<\/div>","protected":false},"excerpt":{"rendered":"<p>\u00bfQui\u00e9n soy? \ud83d\udc69\u200d\ud83c\udfeb Soy Margot, profesora de franc\u00e9s con sede en Lyon. He acompa\u00f1ado a m\u00e1s de 200 estudiantes y he impartido m\u00e1s de 3.500 clases con un enfoque humano, original y centrado en la conversaci\u00f3n. Tengo una formaci\u00f3n s\u00f3lida en ling\u00fc\u00edstica aplicada y pedagog\u00eda, pero sobre todo hablar de verdad. Yo tambi\u00e9n viv\u00ed por [&hellip;]<\/p>","protected":false},"author":1,"featured_media":0,"parent":0,"menu_order":0,"comment_status":"closed","ping_status":"closed","template":"elementor_header_footer","meta":{"_acf_changed":false,"footnotes":""},"class_list":["post-521","page","type-page","status-publish","hentry"],"acf":[],"yoast_head":"<!-- This site is optimized with the Yoast SEO plugin v25.5 - https:\/\/yoast.com\/wordpress\/plugins\/seo\/ -->\n<title>Sobre m\u00ed - LE FRENCH TALK STUDIO<\/title>\n<meta name=\"robots\" content=\"index, follow, max-snippet:-1, max-image-preview:large, max-video-preview:-1\" \/>\n<link rel=\"canonical\" href=\"https:\/\/www.lefrenchtalkstudio.com\/es\/sobre-mi-2\/\" \/>\n<meta property=\"og:locale\" content=\"es_ES\" \/>\n<meta property=\"og:type\" content=\"article\" \/>\n<meta property=\"og:title\" content=\"Sobre m\u00ed - LE FRENCH TALK STUDIO\" \/>\n<meta property=\"og:description\" content=\"\u00bfQui\u00e9n soy? \ud83d\udc69\u200d\ud83c\udfeb Soy Margot, profesora de franc\u00e9s con sede en Lyon. He acompa\u00f1ado a m\u00e1s de 200 estudiantes y he impartido m\u00e1s de 3.500 clases con un enfoque humano, original y centrado en la conversaci\u00f3n. Tengo una formaci\u00f3n s\u00f3lida en ling\u00fc\u00edstica aplicada y pedagog\u00eda, pero sobre todo hablar de verdad. Yo tambi\u00e9n viv\u00ed por [&hellip;]\" \/>\n<meta property=\"og:url\" content=\"https:\/\/www.lefrenchtalkstudio.com\/es\/sobre-mi-2\/\" \/>\n<meta property=\"og:site_name\" content=\"LE FRENCH TALK STUDIO\" \/>\n<meta property=\"article:modified_time\" content=\"2025-09-16T17:14:48+00:00\" \/>\n<meta property=\"og:image\" content=\"https:\/\/www.lefrenchtalkstudio.com\/wp-content\/uploads\/2025\/08\/image-2.webp\" \/>\n<meta name=\"twitter:card\" content=\"summary_large_image\" \/>\n<meta name=\"twitter:label1\" content=\"Tiempo de lectura\" \/>\n\t<meta name=\"twitter:data1\" content=\"2 minutos\" \/>\n<script type=\"application\/ld+json\" class=\"yoast-schema-graph\">{\"@context\":\"https:\/\/schema.org\",\"@graph\":[{\"@type\":\"WebPage\",\"@id\":\"https:\/\/www.lefrenchtalkstudio.com\/sobre-mi-2\/\",\"url\":\"https:\/\/www.lefrenchtalkstudio.com\/sobre-mi-2\/\",\"name\":\"Sobre m\u00ed - LE FRENCH TALK STUDIO\",\"isPartOf\":{\"@id\":\"https:\/\/www.lefrenchtalkstudio.com\/#website\"},\"primaryImageOfPage\":{\"@id\":\"https:\/\/www.lefrenchtalkstudio.com\/sobre-mi-2\/#primaryimage\"},\"image\":{\"@id\":\"https:\/\/www.lefrenchtalkstudio.com\/sobre-mi-2\/#primaryimage\"},\"thumbnailUrl\":\"https:\/\/www.lefrenchtalkstudio.com\/wp-content\/uploads\/2025\/08\/image-2.webp\",\"datePublished\":\"2025-09-04T19:08:00+00:00\",\"dateModified\":\"2025-09-16T17:14:48+00:00\",\"breadcrumb\":{\"@id\":\"https:\/\/www.lefrenchtalkstudio.com\/sobre-mi-2\/#breadcrumb\"},\"inLanguage\":\"es\",\"potentialAction\":[{\"@type\":\"ReadAction\",\"target\":[\"https:\/\/www.lefrenchtalkstudio.com\/sobre-mi-2\/\"]}]},{\"@type\":\"ImageObject\",\"inLanguage\":\"es\",\"@id\":\"https:\/\/www.lefrenchtalkstudio.com\/sobre-mi-2\/#primaryimage\",\"url\":\"https:\/\/www.lefrenchtalkstudio.com\/wp-content\/uploads\/2025\/08\/image-2.webp\",\"contentUrl\":\"https:\/\/www.lefrenchtalkstudio.com\/wp-content\/uploads\/2025\/08\/image-2.webp\"},{\"@type\":\"BreadcrumbList\",\"@id\":\"https:\/\/www.lefrenchtalkstudio.com\/sobre-mi-2\/#breadcrumb\",\"itemListElement\":[{\"@type\":\"ListItem\",\"position\":1,\"name\":\"Home\",\"item\":\"https:\/\/www.lefrenchtalkstudio.com\/\"},{\"@type\":\"ListItem\",\"position\":2,\"name\":\"Sobre m\u00ed\"}]},{\"@type\":\"WebSite\",\"@id\":\"https:\/\/www.lefrenchtalkstudio.com\/#website\",\"url\":\"https:\/\/www.lefrenchtalkstudio.com\/\",\"name\":\"lefrenchtalkstudio.com\",\"description\":\"\",\"publisher\":{\"@id\":\"https:\/\/www.lefrenchtalkstudio.com\/#organization\"},\"alternateName\":\"LE FRENCH TALK STUDIO\",\"potentialAction\":[{\"@type\":\"SearchAction\",\"target\":{\"@type\":\"EntryPoint\",\"urlTemplate\":\"https:\/\/www.lefrenchtalkstudio.com\/?s={search_term_string}\"},\"query-input\":{\"@type\":\"PropertyValueSpecification\",\"valueRequired\":true,\"valueName\":\"search_term_string\"}}],\"inLanguage\":\"es\"},{\"@type\":\"Organization\",\"@id\":\"https:\/\/www.lefrenchtalkstudio.com\/#organization\",\"name\":\"LE FRENCH TALK STUDIO\",\"url\":\"https:\/\/www.lefrenchtalkstudio.com\/\",\"logo\":{\"@type\":\"ImageObject\",\"inLanguage\":\"es\",\"@id\":\"https:\/\/www.lefrenchtalkstudio.com\/#\/schema\/logo\/image\/\",\"url\":\"https:\/\/www.lefrenchtalkstudio.com\/wp-content\/uploads\/2025\/09\/cropped-image.webp\",\"contentUrl\":\"https:\/\/www.lefrenchtalkstudio.com\/wp-content\/uploads\/2025\/09\/cropped-image.webp\",\"width\":512,\"height\":512,\"caption\":\"LE FRENCH TALK STUDIO\"},\"image\":{\"@id\":\"https:\/\/www.lefrenchtalkstudio.com\/#\/schema\/logo\/image\/\"}}]}<\/script>\n<!-- \/ Yoast SEO plugin. -->","yoast_head_json":{"title":"Sobre m\u00ed - LE FRENCH TALK STUDIO","robots":{"index":"index","follow":"follow","max-snippet":"max-snippet:-1","max-image-preview":"max-image-preview:large","max-video-preview":"max-video-preview:-1"},"canonical":"https:\/\/www.lefrenchtalkstudio.com\/es\/sobre-mi-2\/","og_locale":"es_ES","og_type":"article","og_title":"Sobre m\u00ed - LE FRENCH TALK STUDIO","og_description":"\u00bfQui\u00e9n soy? \ud83d\udc69\u200d\ud83c\udfeb Soy Margot, profesora de franc\u00e9s con sede en Lyon. He acompa\u00f1ado a m\u00e1s de 200 estudiantes y he impartido m\u00e1s de 3.500 clases con un enfoque humano, original y centrado en la conversaci\u00f3n. Tengo una formaci\u00f3n s\u00f3lida en ling\u00fc\u00edstica aplicada y pedagog\u00eda, pero sobre todo hablar de verdad. Yo tambi\u00e9n viv\u00ed por [&hellip;]","og_url":"https:\/\/www.lefrenchtalkstudio.com\/es\/sobre-mi-2\/","og_site_name":"LE FRENCH TALK STUDIO","article_modified_time":"2025-09-16T17:14:48+00:00","og_image":[{"url":"https:\/\/www.lefrenchtalkstudio.com\/wp-content\/uploads\/2025\/08\/image-2.webp","type":"","width":"","height":""}],"twitter_card":"summary_large_image","twitter_misc":{"Tiempo de lectura":"2 minutos"},"schema":{"@context":"https:\/\/schema.org","@graph":[{"@type":"WebPage","@id":"https:\/\/www.lefrenchtalkstudio.com\/sobre-mi-2\/","url":"https:\/\/www.lefrenchtalkstudio.com\/sobre-mi-2\/","name":"Sobre m\u00ed - LE FRENCH TALK STUDIO","isPartOf":{"@id":"https:\/\/www.lefrenchtalkstudio.com\/#website"},"primaryImageOfPage":{"@id":"https:\/\/www.lefrenchtalkstudio.com\/sobre-mi-2\/#primaryimage"},"image":{"@id":"https:\/\/www.lefrenchtalkstudio.com\/sobre-mi-2\/#primaryimage"},"thumbnailUrl":"https:\/\/www.lefrenchtalkstudio.com\/wp-content\/uploads\/2025\/08\/image-2.webp","datePublished":"2025-09-04T19:08:00+00:00","dateModified":"2025-09-16T17:14:48+00:00","breadcrumb":{"@id":"https:\/\/www.lefrenchtalkstudio.com\/sobre-mi-2\/#breadcrumb"},"inLanguage":"es","potentialAction":[{"@type":"ReadAction","target":["https:\/\/www.lefrenchtalkstudio.com\/sobre-mi-2\/"]}]},{"@type":"ImageObject","inLanguage":"es","@id":"https:\/\/www.lefrenchtalkstudio.com\/sobre-mi-2\/#primaryimage","url":"https:\/\/www.lefrenchtalkstudio.com\/wp-content\/uploads\/2025\/08\/image-2.webp","contentUrl":"https:\/\/www.lefrenchtalkstudio.com\/wp-content\/uploads\/2025\/08\/image-2.webp"},{"@type":"BreadcrumbList","@id":"https:\/\/www.lefrenchtalkstudio.com\/sobre-mi-2\/#breadcrumb","itemListElement":[{"@type":"ListItem","position":1,"name":"Home","item":"https:\/\/www.lefrenchtalkstudio.com\/"},{"@type":"ListItem","position":2,"name":"Sobre m\u00ed"}]},{"@type":"WebSite","@id":"https:\/\/www.lefrenchtalkstudio.com\/#website","url":"https:\/\/www.lefrenchtalkstudio.com\/","name":"lefrenchtalkstudio.com","description":"","publisher":{"@id":"https:\/\/www.lefrenchtalkstudio.com\/#organization"},"alternateName":"LE FRENCH TALK STUDIO","potentialAction":[{"@type":"SearchAction","target":{"@type":"EntryPoint","urlTemplate":"https:\/\/www.lefrenchtalkstudio.com\/?s={search_term_string}"},"query-input":{"@type":"PropertyValueSpecification","valueRequired":true,"valueName":"search_term_string"}}],"inLanguage":"es"},{"@type":"Organization","@id":"https:\/\/www.lefrenchtalkstudio.com\/#organization","name":"LE FRENCH TALK STUDIO","url":"https:\/\/www.lefrenchtalkstudio.com\/","logo":{"@type":"ImageObject","inLanguage":"es","@id":"https:\/\/www.lefrenchtalkstudio.com\/#\/schema\/logo\/image\/","url":"https:\/\/www.lefrenchtalkstudio.com\/wp-content\/uploads\/2025\/09\/cropped-image.webp","contentUrl":"https:\/\/www.lefrenchtalkstudio.com\/wp-content\/uploads\/2025\/09\/cropped-image.webp","width":512,"height":512,"caption":"LE FRENCH TALK STUDIO"},"image":{"@id":"https:\/\/www.lefrenchtalkstudio.com\/#\/schema\/logo\/image\/"}}]}},"_links":{"self":[{"href":"https:\/\/www.lefrenchtalkstudio.com\/es\/wp-json\/wp\/v2\/pages\/521","targetHints":{"allow":["GET"]}}],"collection":[{"href":"https:\/\/www.lefrenchtalkstudio.com\/es\/wp-json\/wp\/v2\/pages"}],"about":[{"href":"https:\/\/www.lefrenchtalkstudio.com\/es\/wp-json\/wp\/v2\/types\/page"}],"author":[{"embeddable":true,"href":"https:\/\/www.lefrenchtalkstudio.com\/es\/wp-json\/wp\/v2\/users\/1"}],"replies":[{"embeddable":true,"href":"https:\/\/www.lefrenchtalkstudio.com\/es\/wp-json\/wp\/v2\/comments?post=521"}],"version-history":[{"count":7,"href":"https:\/\/www.lefrenchtalkstudio.com\/es\/wp-json\/wp\/v2\/pages\/521\/revisions"}],"predecessor-version":[{"id":721,"href":"https:\/\/www.lefrenchtalkstudio.com\/es\/wp-json\/wp\/v2\/pages\/521\/revisions\/721"}],"wp:attachment":[{"href":"https:\/\/www.lefrenchtalkstudio.com\/es\/wp-json\/wp\/v2\/media?parent=521"}],"curies":[{"name":"wp","href":"https:\/\/api.w.org\/{rel}","templated":true}]}}