{"id":580,"date":"2025-09-04T19:50:13","date_gmt":"2025-09-04T19:50:13","guid":{"rendered":"https:\/\/www.lefrenchtalkstudio.com\/?page_id=580"},"modified":"2025-12-10T15:50:55","modified_gmt":"2025-12-10T15:50:55","slug":"contacts","status":"publish","type":"page","link":"https:\/\/www.lefrenchtalkstudio.com\/en\/contact-2\/","title":{"rendered":"Contact"},"content":{"rendered":"<div data-elementor-type=\"wp-page\" data-elementor-id=\"580\" class=\"elementor elementor-580\" data-elementor-post-type=\"page\">\n\t\t\t\t\t\t<section class=\"elementor-section elementor-top-section elementor-element elementor-element-6a80c08f elementor-section-boxed elementor-section-height-default elementor-section-height-default\" data-id=\"6a80c08f\" data-element_type=\"section\" data-settings=\"{&quot;background_background&quot;:&quot;classic&quot;}\">\n\t\t\t\t\t\t<div class=\"elementor-container elementor-column-gap-default\">\n\t\t\t\t\t<div class=\"elementor-column elementor-col-100 elementor-top-column elementor-element elementor-element-1f16d2ce\" data-id=\"1f16d2ce\" data-element_type=\"column\">\n\t\t\t<div class=\"elementor-widget-wrap elementor-element-populated\">\n\t\t\t\t\t\t<div class=\"elementor-element elementor-element-94245f1 elementor-widget elementor-widget-heading\" data-id=\"94245f1\" data-element_type=\"widget\" data-widget_type=\"heading.default\">\n\t\t\t\t\t<h2 class=\"elementor-heading-title elementor-size-h1\">\ud83d\udce9 Write to me<\/h2>\t\t\t\t<\/div>\n\t\t\t\t<div class=\"elementor-element elementor-element-775395f1 elementor-widget elementor-widget-text-editor\" data-id=\"775395f1\" data-element_type=\"widget\" data-widget_type=\"text-editor.default\">\n\t\t\t\t\t\t\t\t\t<p>Got a question? Not sure of your level or what you need?<\/p>\t\t\t\t\t\t\t\t<\/div>\n\t\t\t\t<div class=\"elementor-element elementor-element-710b97a4 elementor-widget elementor-widget-text-editor\" data-id=\"710b97a4\" data-element_type=\"widget\" data-widget_type=\"text-editor.default\">\n\t\t\t\t\t\t\t\t\t<p>Fill in the form and I'll get back to you as soon as possible.<\/p>\t\t\t\t\t\t\t\t<\/div>\n\t\t\t\t\t<\/div>\n\t\t<\/div>\n\t\t\t\t\t<\/div>\n\t\t<\/section>\n\t\t\t\t<section class=\"elementor-section elementor-top-section elementor-element elementor-element-26dbac7f elementor-section-boxed elementor-section-height-default elementor-section-height-default\" data-id=\"26dbac7f\" data-element_type=\"section\" data-settings=\"{&quot;background_background&quot;:&quot;classic&quot;}\">\n\t\t\t\t\t\t<div class=\"elementor-container elementor-column-gap-default\">\n\t\t\t\t\t<div class=\"elementor-column elementor-col-100 elementor-top-column elementor-element elementor-element-1ce303ad\" data-id=\"1ce303ad\" data-element_type=\"column\" data-settings=\"{&quot;background_background&quot;:&quot;classic&quot;}\">\n\t\t\t<div class=\"elementor-widget-wrap elementor-element-populated\">\n\t\t\t\t\t\t<div class=\"elementor-element elementor-element-ca1a515 elementor-widget elementor-widget-shortcode\" data-id=\"ca1a515\" data-element_type=\"widget\" data-widget_type=\"shortcode.default\">\n\t\t\t\t\t\t\t<div class=\"elementor-shortcode\"><style id=\"wpforms-css-vars-343\">\n\t\t\t\t#wpforms-343 {\n\t\t\t\t--wpforms-container-padding: 0px;\n--wpforms-container-border-width: 1px;\n--wpforms-container-border-radius: 3px;\n--wpforms-background-color: rgba(0, 0, 0, 0);\n--wpforms-field-size-input-height: 43px;\n--wpforms-field-size-input-spacing: 15px;\n--wpforms-field-size-font-size: 16px;\n--wpforms-field-size-line-height: 19px;\n--wpforms-field-size-padding-h: 14px;\n--wpforms-field-size-checkbox-size: 16px;\n--wpforms-field-size-sublabel-spacing: 5px;\n--wpforms-field-size-icon-size: 1;\n--wpforms-label-size-font-size: 16px;\n--wpforms-label-size-line-height: 19px;\n--wpforms-label-size-sublabel-font-size: 14px;\n--wpforms-label-size-sublabel-line-height: 17px;\n--wpforms-button-size-font-size: 17px;\n--wpforms-button-size-height: 41px;\n--wpforms-button-size-padding-h: 15px;\n--wpforms-button-size-margin-top: 10px;\n--wpforms-container-shadow-size-box-shadow: none;\n\n\t\t\t}\n\t\t\t<\/style><div class=\"wpforms-container wpforms-container-full wpforms-render-modern\" id=\"wpforms-343\"><form id=\"wpforms-form-343\" class=\"wpforms-validate wpforms-form wpforms-ajax-form\" data-formid=\"343\" method=\"post\" enctype=\"multipart\/form-data\" action=\"\/en\/wp-json\/wp\/v2\/pages\/580\" data-token=\"e59ed9abb974495183cc6b0ad1f4f84c\" data-token-time=\"1776358970\" data-trp-original-action=\"\/en\/wp-json\/wp\/v2\/pages\/580\"><noscript class=\"wpforms-error-noscript\">Please enable JavaScript in your browser to complete this form.<\/noscript><div id=\"wpforms-error-noscript\" style=\"display: none;\">Please enable JavaScript in your browser to complete this form.<\/div><div class=\"wpforms-field-container\"><div id=\"wpforms-343-field_1-container\" class=\"wpforms-field wpforms-field-name\" data-field-id=\"1\"><fieldset><legend class=\"wpforms-field-label\">Number <span class=\"wpforms-required-label\" aria-hidden=\"true\">*<\/span><\/legend><div class=\"wpforms-field-row wpforms-field-large\"><div class=\"wpforms-field-row-block wpforms-first wpforms-one-half\"><input type=\"text\" id=\"wpforms-343-field_1\" class=\"wpforms-field-name-first wpforms-field-required\" name=\"wpforms[fields][1][first]\" aria-errormessage=\"wpforms-343-field_1-error\" required><label for=\"wpforms-343-field_1\" class=\"wpforms-field-sublabel after\">First<\/label><\/div><div class=\"wpforms-field-row-block wpforms-one-half\"><input type=\"text\" id=\"wpforms-343-field_1-last\" class=\"wpforms-field-name-last wpforms-field-required\" name=\"wpforms[fields][1][last]\" aria-errormessage=\"wpforms-343-field_1-last-error\" required><label for=\"wpforms-343-field_1-last\" class=\"wpforms-field-sublabel after\">Last<\/label><\/div><\/div><\/fieldset><\/div><div id=\"wpforms-343-field_2-container\" class=\"wpforms-field wpforms-field-email\" data-field-id=\"2\"><label class=\"wpforms-field-label\" for=\"wpforms-343-field_2\">Correo electr\u00f3nico <span class=\"wpforms-required-label\" aria-hidden=\"true\">*<\/span><\/label><input type=\"email\" id=\"wpforms-343-field_2\" class=\"wpforms-field-large wpforms-field-required\" name=\"wpforms[fields][2]\" spellcheck=\"false\" aria-errormessage=\"wpforms-343-field_2-error\" required><\/div>\t\t<div id=\"wpforms-343-field_4-container\"\n\t\t\tclass=\"wpforms-field wpforms-field-text\"\n\t\t\tdata-field-type=\"text\"\n\t\t\tdata-field-id=\"4\"\n\t\t\t>\n\t\t\t<label class=\"wpforms-field-label\" for=\"wpforms-343-field_4\" >electr\u00f3nico o Comentario<\/label>\n\t\t\t<input type=\"text\" id=\"wpforms-343-field_4\" class=\"wpforms-field-medium\" name=\"wpforms[fields][4]\" >\n\t\t<\/div>\n\t\t<div id=\"wpforms-343-field_3-container\" class=\"wpforms-field wpforms-field-textarea\" data-field-id=\"3\"><label class=\"wpforms-field-label\" for=\"wpforms-343-field_3\">Comentario o mensaje<\/label><textarea id=\"wpforms-343-field_3\" class=\"wpforms-field-medium\" name=\"wpforms[fields][3]\" aria-errormessage=\"wpforms-343-field_3-error\" ><\/textarea><\/div><script>\n\t\t\t\t( function() {\n\t\t\t\t\tconst style = document.createElement( 'style' );\n\t\t\t\t\tstyle.appendChild( document.createTextNode( '#wpforms-343-field_4-container { position: absolute !important; overflow: hidden !important; display: inline !important; height: 1px !important; width: 1px !important; z-index: -1000 !important; padding: 0 !important; } #wpforms-343-field_4-container input { visibility: hidden; } #wpforms-conversational-form-page #wpforms-343-field_4-container label { counter-increment: none; }' ) );\n\t\t\t\t\tdocument.head.appendChild( style );\n\t\t\t\t\tdocument.currentScript?.remove();\n\t\t\t\t} )();\n\t\t\t<\/script><\/div><!-- .wpforms-field-container --><div class=\"wpforms-submit-container\" ><input type=\"hidden\" name=\"wpforms[id]\" value=\"343\"><input type=\"hidden\" name=\"page_title\" value=\"\"><input type=\"hidden\" name=\"page_url\" value=\"https:\/\/www.lefrenchtalkstudio.com\/en\/wp-json\/wp\/v2\/pages\/580\"><input type=\"hidden\" name=\"url_referer\" value=\"\"><button type=\"submit\" name=\"wpforms[submit]\" id=\"wpforms-submit-343\" class=\"wpforms-submit\" data-alt-text=\"Enviando...\" data-submit-text=\"Enviar\" aria-live=\"assertive\" value=\"wpforms-submit\">Enviar<\/button><img decoding=\"async\" src=\"https:\/\/www.lefrenchtalkstudio.com\/wp-content\/plugins\/wpforms-lite\/assets\/images\/submit-spin.svg\" class=\"wpforms-submit-spinner\" style=\"display: none;\" width=\"26\" height=\"26\" alt=\"Loading\"><\/div><input type=\"hidden\" name=\"trp-form-language\" value=\"en\"\/><\/form><\/div>  <!-- .wpforms-container --><\/div>\n\t\t\t\t\t\t<\/div>\n\t\t\t\t\t<\/div>\n\t\t<\/div>\n\t\t\t\t<div class=\"elementor-column elementor-col-100 elementor-top-column elementor-element elementor-element-46b3893a\" data-id=\"46b3893a\" data-element_type=\"column\" data-settings=\"{&quot;background_background&quot;:&quot;classic&quot;}\">\n\t\t\t<div class=\"elementor-widget-wrap elementor-element-populated\">\n\t\t\t\t\t\t<div class=\"elementor-element elementor-element-2ff6bf04 elementor-widget elementor-widget-heading\" data-id=\"2ff6bf04\" data-element_type=\"widget\" data-widget_type=\"heading.default\">\n\t\t\t\t\t<h2 class=\"elementor-heading-title elementor-size-h2\">\ud83d\udcde Would you rather talk to me directly?<\/h2>\t\t\t\t<\/div>\n\t\t\t\t<div class=\"elementor-element elementor-element-31240ac2 elementor-widget elementor-widget-text-editor\" data-id=\"31240ac2\" data-element_type=\"widget\" data-widget_type=\"text-editor.default\">\n\t\t\t\t\t\t\t\t\t<p>You can book a free call to talk about your goals and see how I can help:<\/p>\t\t\t\t\t\t\t\t<\/div>\n\t\t\t\t<div class=\"elementor-element elementor-element-3055c2e9 elementor-hidden-desktop elementor-hidden-tablet elementor-hidden-mobile elementor-widget elementor-widget-button\" data-id=\"3055c2e9\" data-element_type=\"widget\" data-widget_type=\"button.default\">\n\t\t\t\t\t\t\t\t\t\t<a class=\"elementor-button elementor-button-link elementor-size-sm\" href=\"#\" target=\"_blank\">\n\t\t\t\t\t\t<span class=\"elementor-button-content-wrapper\">\n\t\t\t\t\t\t\t\t\t<span class=\"elementor-button-text\">\ud83d\udc49 Haz clic aqu\u00ed para reservar una llamada<\/span>\n\t\t\t\t\t<\/span>\n\t\t\t\t\t<\/a>\n\t\t\t\t\t\t\t\t<\/div>\n\t\t\t\t<div class=\"elementor-element elementor-element-7d8679e7 elementor-widget elementor-widget-html\" data-id=\"7d8679e7\" data-element_type=\"widget\" data-widget_type=\"html.default\">\n\t\t\t\t\t<div class=\"tidycal-embed-container\" style=\"margin-top: 32px;\"><div class=\"tidycal-embed\" data-path=\"3z6l6xm\/discovery-call-le-french-talk-studio\" style=\"min-height: 500px; width: 100%;\"><\/div><script src=\"https:\/\/asset-tidycal.b-cdn.net\/js\/embed.js\" async><\/script><\/div>\t\t\t\t<\/div>\n\t\t\t\t\t<\/div>\n\t\t<\/div>\n\t\t\t\t\t<\/div>\n\t\t<\/section>\n\t\t\t\t<\/div>","protected":false},"excerpt":{"rendered":"<p>\ud83d\udce9 Write to me Do you have a question? Not sure what level you're at or what you need? Fill in the form and I'll get back to you as soon as possible. \ud83d\udcde Prefer to talk to me directly? You can book a free call to talk about your goals and see how I [...]<\/p>","protected":false},"author":1,"featured_media":0,"parent":0,"menu_order":0,"comment_status":"closed","ping_status":"closed","template":"","meta":{"_acf_changed":false,"footnotes":""},"class_list":["post-580","page","type-page","status-publish","hentry"],"acf":[],"yoast_head":"<!-- This site is optimized with the Yoast SEO plugin v25.5 - https:\/\/yoast.com\/wordpress\/plugins\/seo\/ -->\n<title>Contacts - LE FRENCH TALK STUDIO<\/title>\n<meta name=\"robots\" content=\"index, follow, max-snippet:-1, max-image-preview:large, max-video-preview:-1\" \/>\n<link rel=\"canonical\" href=\"https:\/\/www.lefrenchtalkstudio.com\/en\/contacts\/\" \/>\n<meta property=\"og:locale\" content=\"en_US\" \/>\n<meta property=\"og:type\" content=\"article\" \/>\n<meta property=\"og:title\" content=\"Contacts - LE FRENCH TALK STUDIO\" \/>\n<meta property=\"og:description\" content=\"\ud83d\udce9 \u00c9cris-moi Tu as une question ? Tu n&rsquo;es pas s\u00fbr de ton niveau ou de ce dont tu as besoin ? Remplis le formulaire et je te r\u00e9pondrai le plus rapidement possible. \ud83d\udcde Tu pr\u00e9f\u00e8res me parler directement ? Tu peux r\u00e9server un appel gratuit pour parler de tes objectifs et voir comment je [&hellip;]\" \/>\n<meta property=\"og:url\" content=\"https:\/\/www.lefrenchtalkstudio.com\/en\/contacts\/\" \/>\n<meta property=\"og:site_name\" content=\"LE FRENCH TALK STUDIO\" \/>\n<meta property=\"article:modified_time\" content=\"2025-12-10T15:50:55+00:00\" \/>\n<meta property=\"og:image\" content=\"https:\/\/www.lefrenchtalkstudio.com\/wp-content\/uploads\/2025\/09\/cropped-image.webp\" \/>\n\t<meta property=\"og:image:width\" content=\"512\" \/>\n\t<meta property=\"og:image:height\" content=\"512\" \/>\n\t<meta property=\"og:image:type\" content=\"image\/webp\" \/>\n<meta name=\"twitter:card\" content=\"summary_large_image\" \/>\n<meta name=\"twitter:label1\" content=\"Est. reading time\" \/>\n\t<meta name=\"twitter:data1\" content=\"2 minutes\" \/>\n<script type=\"application\/ld+json\" class=\"yoast-schema-graph\">{\"@context\":\"https:\/\/schema.org\",\"@graph\":[{\"@type\":\"WebPage\",\"@id\":\"https:\/\/www.lefrenchtalkstudio.com\/fr\/contacts\/\",\"url\":\"https:\/\/www.lefrenchtalkstudio.com\/fr\/contacts\/\",\"name\":\"Contacts - LE FRENCH TALK STUDIO\",\"isPartOf\":{\"@id\":\"https:\/\/www.lefrenchtalkstudio.com\/#website\"},\"datePublished\":\"2025-09-04T19:50:13+00:00\",\"dateModified\":\"2025-12-10T15:50:55+00:00\",\"breadcrumb\":{\"@id\":\"https:\/\/www.lefrenchtalkstudio.com\/fr\/contacts\/#breadcrumb\"},\"inLanguage\":\"en-US\",\"potentialAction\":[{\"@type\":\"ReadAction\",\"target\":[\"https:\/\/www.lefrenchtalkstudio.com\/fr\/contacts\/\"]}]},{\"@type\":\"BreadcrumbList\",\"@id\":\"https:\/\/www.lefrenchtalkstudio.com\/fr\/contacts\/#breadcrumb\",\"itemListElement\":[{\"@type\":\"ListItem\",\"position\":1,\"name\":\"Home\",\"item\":\"https:\/\/www.lefrenchtalkstudio.com\/\"},{\"@type\":\"ListItem\",\"position\":2,\"name\":\"Contacts\"}]},{\"@type\":\"WebSite\",\"@id\":\"https:\/\/www.lefrenchtalkstudio.com\/#website\",\"url\":\"https:\/\/www.lefrenchtalkstudio.com\/\",\"name\":\"lefrenchtalkstudio.com\",\"description\":\"\",\"publisher\":{\"@id\":\"https:\/\/www.lefrenchtalkstudio.com\/#organization\"},\"alternateName\":\"LE FRENCH TALK STUDIO\",\"potentialAction\":[{\"@type\":\"SearchAction\",\"target\":{\"@type\":\"EntryPoint\",\"urlTemplate\":\"https:\/\/www.lefrenchtalkstudio.com\/?s={search_term_string}\"},\"query-input\":{\"@type\":\"PropertyValueSpecification\",\"valueRequired\":true,\"valueName\":\"search_term_string\"}}],\"inLanguage\":\"en-US\"},{\"@type\":\"Organization\",\"@id\":\"https:\/\/www.lefrenchtalkstudio.com\/#organization\",\"name\":\"LE FRENCH TALK STUDIO\",\"url\":\"https:\/\/www.lefrenchtalkstudio.com\/\",\"logo\":{\"@type\":\"ImageObject\",\"inLanguage\":\"en-US\",\"@id\":\"https:\/\/www.lefrenchtalkstudio.com\/#\/schema\/logo\/image\/\",\"url\":\"https:\/\/www.lefrenchtalkstudio.com\/wp-content\/uploads\/2025\/09\/cropped-image.webp\",\"contentUrl\":\"https:\/\/www.lefrenchtalkstudio.com\/wp-content\/uploads\/2025\/09\/cropped-image.webp\",\"width\":512,\"height\":512,\"caption\":\"LE FRENCH TALK STUDIO\"},\"image\":{\"@id\":\"https:\/\/www.lefrenchtalkstudio.com\/#\/schema\/logo\/image\/\"}}]}<\/script>\n<!-- \/ Yoast SEO plugin. -->","yoast_head_json":{"title":"Contacts - LE FRENCH TALK STUDIO","robots":{"index":"index","follow":"follow","max-snippet":"max-snippet:-1","max-image-preview":"max-image-preview:large","max-video-preview":"max-video-preview:-1"},"canonical":"https:\/\/www.lefrenchtalkstudio.com\/en\/contacts\/","og_locale":"en_US","og_type":"article","og_title":"Contacts - LE FRENCH TALK STUDIO","og_description":"\ud83d\udce9 \u00c9cris-moi Tu as une question ? Tu n&rsquo;es pas s\u00fbr de ton niveau ou de ce dont tu as besoin ? Remplis le formulaire et je te r\u00e9pondrai le plus rapidement possible. \ud83d\udcde Tu pr\u00e9f\u00e8res me parler directement ? Tu peux r\u00e9server un appel gratuit pour parler de tes objectifs et voir comment je [&hellip;]","og_url":"https:\/\/www.lefrenchtalkstudio.com\/en\/contacts\/","og_site_name":"LE FRENCH TALK STUDIO","article_modified_time":"2025-12-10T15:50:55+00:00","og_image":[{"width":512,"height":512,"url":"https:\/\/www.lefrenchtalkstudio.com\/wp-content\/uploads\/2025\/09\/cropped-image.webp","type":"image\/webp"}],"twitter_card":"summary_large_image","twitter_misc":{"Est. reading time":"2 minutes"},"schema":{"@context":"https:\/\/schema.org","@graph":[{"@type":"WebPage","@id":"https:\/\/www.lefrenchtalkstudio.com\/fr\/contacts\/","url":"https:\/\/www.lefrenchtalkstudio.com\/fr\/contacts\/","name":"Contacts - LE FRENCH TALK STUDIO","isPartOf":{"@id":"https:\/\/www.lefrenchtalkstudio.com\/#website"},"datePublished":"2025-09-04T19:50:13+00:00","dateModified":"2025-12-10T15:50:55+00:00","breadcrumb":{"@id":"https:\/\/www.lefrenchtalkstudio.com\/fr\/contacts\/#breadcrumb"},"inLanguage":"en-US","potentialAction":[{"@type":"ReadAction","target":["https:\/\/www.lefrenchtalkstudio.com\/fr\/contacts\/"]}]},{"@type":"BreadcrumbList","@id":"https:\/\/www.lefrenchtalkstudio.com\/fr\/contacts\/#breadcrumb","itemListElement":[{"@type":"ListItem","position":1,"name":"Home","item":"https:\/\/www.lefrenchtalkstudio.com\/"},{"@type":"ListItem","position":2,"name":"Contacts"}]},{"@type":"WebSite","@id":"https:\/\/www.lefrenchtalkstudio.com\/#website","url":"https:\/\/www.lefrenchtalkstudio.com\/","name":"lefrenchtalkstudio.com","description":"","publisher":{"@id":"https:\/\/www.lefrenchtalkstudio.com\/#organization"},"alternateName":"LE FRENCH TALK STUDIO","potentialAction":[{"@type":"SearchAction","target":{"@type":"EntryPoint","urlTemplate":"https:\/\/www.lefrenchtalkstudio.com\/?s={search_term_string}"},"query-input":{"@type":"PropertyValueSpecification","valueRequired":true,"valueName":"search_term_string"}}],"inLanguage":"en-US"},{"@type":"Organization","@id":"https:\/\/www.lefrenchtalkstudio.com\/#organization","name":"LE FRENCH TALK STUDIO","url":"https:\/\/www.lefrenchtalkstudio.com\/","logo":{"@type":"ImageObject","inLanguage":"en-US","@id":"https:\/\/www.lefrenchtalkstudio.com\/#\/schema\/logo\/image\/","url":"https:\/\/www.lefrenchtalkstudio.com\/wp-content\/uploads\/2025\/09\/cropped-image.webp","contentUrl":"https:\/\/www.lefrenchtalkstudio.com\/wp-content\/uploads\/2025\/09\/cropped-image.webp","width":512,"height":512,"caption":"LE FRENCH TALK STUDIO"},"image":{"@id":"https:\/\/www.lefrenchtalkstudio.com\/#\/schema\/logo\/image\/"}}]}},"_links":{"self":[{"href":"https:\/\/www.lefrenchtalkstudio.com\/en\/wp-json\/wp\/v2\/pages\/580","targetHints":{"allow":["GET"]}}],"collection":[{"href":"https:\/\/www.lefrenchtalkstudio.com\/en\/wp-json\/wp\/v2\/pages"}],"about":[{"href":"https:\/\/www.lefrenchtalkstudio.com\/en\/wp-json\/wp\/v2\/types\/page"}],"author":[{"embeddable":true,"href":"https:\/\/www.lefrenchtalkstudio.com\/en\/wp-json\/wp\/v2\/users\/1"}],"replies":[{"embeddable":true,"href":"https:\/\/www.lefrenchtalkstudio.com\/en\/wp-json\/wp\/v2\/comments?post=580"}],"version-history":[{"count":8,"href":"https:\/\/www.lefrenchtalkstudio.com\/en\/wp-json\/wp\/v2\/pages\/580\/revisions"}],"predecessor-version":[{"id":855,"href":"https:\/\/www.lefrenchtalkstudio.com\/en\/wp-json\/wp\/v2\/pages\/580\/revisions\/855"}],"wp:attachment":[{"href":"https:\/\/www.lefrenchtalkstudio.com\/en\/wp-json\/wp\/v2\/media?parent=580"}],"curies":[{"name":"wp","href":"https:\/\/api.w.org\/{rel}","templated":true}]}}