{"id":567,"date":"2025-09-04T19:44:29","date_gmt":"2025-09-04T19:44:29","guid":{"rendered":"https:\/\/www.lefrenchtalkstudio.com\/?page_id=567"},"modified":"2025-12-04T09:24:54","modified_gmt":"2025-12-04T09:24:54","slug":"service","status":"publish","type":"page","link":"https:\/\/www.lefrenchtalkstudio.com\/en\/service\/","title":{"rendered":"Service"},"content":{"rendered":"<div data-elementor-type=\"wp-page\" data-elementor-id=\"567\" class=\"elementor elementor-567\" data-elementor-post-type=\"page\">\n\t\t\t\t\t\t<section class=\"elementor-section elementor-top-section elementor-element elementor-element-85250f8 elementor-section-boxed elementor-section-height-default elementor-section-height-default\" data-id=\"85250f8\" data-element_type=\"section\" data-settings=\"{&quot;background_background&quot;:&quot;classic&quot;}\">\n\t\t\t\t\t\t<div class=\"elementor-container elementor-column-gap-default\">\n\t\t\t\t\t<div class=\"elementor-column elementor-col-100 elementor-top-column elementor-element elementor-element-50cb269\" data-id=\"50cb269\" data-element_type=\"column\">\n\t\t\t<div class=\"elementor-widget-wrap elementor-element-populated\">\n\t\t\t\t\t\t<div class=\"elementor-element elementor-element-a3c1dee elementor-widget elementor-widget-heading\" data-id=\"a3c1dee\" data-element_type=\"widget\" data-widget_type=\"heading.default\">\n\t\t\t\t\t<h2 class=\"elementor-heading-title elementor-size-h1\">\ud83d\udcbc All Le French Talk Studio courses<\/h2>\t\t\t\t<\/div>\n\t\t\t\t<div class=\"elementor-element elementor-element-e4b1402 elementor-widget elementor-widget-text-editor\" data-id=\"e4b1402\" data-element_type=\"widget\" data-widget_type=\"text-editor.default\">\n\t\t\t\t\t\t\t\t\t<p>All formats are designed to help you speak more naturally, even if you don't live in France. Choose your format to reactivate your French<\/p>\t\t\t\t\t\t\t\t<\/div>\n\t\t\t\t\t<\/div>\n\t\t<\/div>\n\t\t\t\t\t<\/div>\n\t\t<\/section>\n\t\t\t\t<section class=\"elementor-section elementor-top-section elementor-element elementor-element-cc22890 elementor-section-boxed elementor-section-height-default elementor-section-height-default\" data-id=\"cc22890\" data-element_type=\"section\" data-settings=\"{&quot;background_background&quot;:&quot;classic&quot;}\">\n\t\t\t\t\t\t<div class=\"elementor-container elementor-column-gap-default\">\n\t\t\t\t\t<div class=\"elementor-column elementor-col-100 elementor-top-column elementor-element elementor-element-216c44a elementor-invisible\" data-id=\"216c44a\" data-element_type=\"column\" data-settings=\"{&quot;background_background&quot;:&quot;classic&quot;,&quot;animation&quot;:&quot;fadeInUp&quot;}\">\n\t\t\t<div class=\"elementor-widget-wrap elementor-element-populated\">\n\t\t\t\t\t\t<section class=\"elementor-section elementor-top-section elementor-element elementor-element-0b099bc elementor-section-boxed elementor-section-height-default elementor-section-height-default\" data-id=\"0b099bc\" data-element_type=\"section\">\n\t\t\t\t\t\t<div class=\"elementor-container elementor-column-gap-default\">\n\t\t\t\t\t<div class=\"elementor-column elementor-col-50 elementor-top-column elementor-element elementor-element-7ab068a\" data-id=\"7ab068a\" data-element_type=\"column\">\n\t\t\t<div class=\"elementor-widget-wrap elementor-element-populated\">\n\t\t\t\t\t\t<div class=\"elementor-element elementor-element-dc622f5 elementor-widget elementor-widget-heading\" data-id=\"dc622f5\" data-element_type=\"widget\" data-widget_type=\"heading.default\">\n\t\t\t\t\t<h2 class=\"elementor-heading-title elementor-size-h2\">\ud83d\udc65 Conversation classes - French Talk en Action<\/h2>\t\t\t\t<\/div>\n\t\t\t\t<div class=\"elementor-element elementor-element-81ddbe4 elementor-widget elementor-widget-text-editor\" data-id=\"81ddbe4\" data-element_type=\"widget\" data-widget_type=\"text-editor.default\">\n\t\t\t\t\t\t\t\t\t<p>The promise:<\/p>\t\t\t\t\t\t\t\t<\/div>\n\t\t\t\t<div class=\"elementor-element elementor-element-033bbcb elementor-widget elementor-widget-text-editor\" data-id=\"033bbcb\" data-element_type=\"widget\" data-widget_type=\"text-editor.default\">\n\t\t\t\t\t\t\t\t\t<p>Speak every week in a small, motivating group (max. 4 students) on modern topics, with personalized feedback and correction. 1h30 of conversation per week for 6 weeks<\/p>\t\t\t\t\t\t\t\t<\/div>\n\t\t\t\t<div class=\"elementor-element elementor-element-48c9fd9 elementor-mobile-align-center elementor-widget elementor-widget-button\" data-id=\"48c9fd9\" data-element_type=\"widget\" data-widget_type=\"button.default\">\n\t\t\t\t\t\t\t\t\t\t<a class=\"elementor-button elementor-button-link elementor-size-sm\" href=\"https:\/\/c527-info.systeme.io\/groupe-conversation-janvier2026\" target=\"_blank\">\n\t\t\t\t\t\t<span class=\"elementor-button-content-wrapper\">\n\t\t\t\t\t\t\t\t\t<span class=\"elementor-button-text\">See the program \u2192<\/span>\n\t\t\t\t\t<\/span>\n\t\t\t\t\t<\/a>\n\t\t\t\t\t\t\t\t<\/div>\n\t\t\t\t\t<\/div>\n\t\t<\/div>\n\t\t\t\t<div class=\"elementor-column elementor-col-50 elementor-top-column elementor-element elementor-element-18a716a\" data-id=\"18a716a\" data-element_type=\"column\">\n\t\t\t<div class=\"elementor-widget-wrap elementor-element-populated\">\n\t\t\t\t\t\t<div class=\"elementor-element elementor-element-f44c6d4 elementor-widget elementor-widget-image\" data-id=\"f44c6d4\" data-element_type=\"widget\" data-widget_type=\"image.default\">\n\t\t\t\t\t\t\t\t\t\t\t\t\t\t\t<img fetchpriority=\"high\" decoding=\"async\" width=\"800\" height=\"800\" src=\"https:\/\/www.lefrenchtalkstudio.com\/wp-content\/uploads\/2025\/08\/cours_de_conversation-1024x1024.png\" class=\"attachment-large size-large wp-image-227\" alt=\"\" srcset=\"https:\/\/www.lefrenchtalkstudio.com\/wp-content\/uploads\/2025\/08\/cours_de_conversation-1024x1024.png 1024w, https:\/\/www.lefrenchtalkstudio.com\/wp-content\/uploads\/2025\/08\/cours_de_conversation-300x300.png 300w, https:\/\/www.lefrenchtalkstudio.com\/wp-content\/uploads\/2025\/08\/cours_de_conversation-150x150.png 150w, https:\/\/www.lefrenchtalkstudio.com\/wp-content\/uploads\/2025\/08\/cours_de_conversation-768x768.png 768w, https:\/\/www.lefrenchtalkstudio.com\/wp-content\/uploads\/2025\/08\/cours_de_conversation.png 1080w\" sizes=\"(max-width: 800px) 100vw, 800px\" \/>\t\t\t\t\t\t\t\t\t\t\t\t\t\t\t<\/div>\n\t\t\t\t\t<\/div>\n\t\t<\/div>\n\t\t\t\t\t<\/div>\n\t\t<\/section>\n\t\t\t\t\t<\/div>\n\t\t<\/div>\n\t\t\t\t\t<\/div>\n\t\t<\/section>\n\t\t\t\t<section class=\"elementor-section elementor-top-section elementor-element elementor-element-c8e346a elementor-section-boxed elementor-section-height-default elementor-section-height-default\" data-id=\"c8e346a\" data-element_type=\"section\" data-settings=\"{&quot;background_background&quot;:&quot;classic&quot;}\">\n\t\t\t\t\t\t<div class=\"elementor-container elementor-column-gap-default\">\n\t\t\t\t\t<div class=\"elementor-column elementor-col-100 elementor-top-column elementor-element elementor-element-6599751 elementor-invisible\" data-id=\"6599751\" data-element_type=\"column\" data-settings=\"{&quot;background_background&quot;:&quot;classic&quot;,&quot;animation&quot;:&quot;fadeInUp&quot;}\">\n\t\t\t<div class=\"elementor-widget-wrap elementor-element-populated\">\n\t\t\t\t\t\t<section class=\"elementor-section elementor-top-section elementor-element elementor-element-a3b1361 elementor-section-boxed elementor-section-height-default elementor-section-height-default\" data-id=\"a3b1361\" data-element_type=\"section\">\n\t\t\t\t\t\t<div class=\"elementor-container elementor-column-gap-default\">\n\t\t\t\t\t<div class=\"elementor-column elementor-col-50 elementor-top-column elementor-element elementor-element-f7e3c66\" data-id=\"f7e3c66\" data-element_type=\"column\">\n\t\t\t<div class=\"elementor-widget-wrap elementor-element-populated\">\n\t\t\t\t\t\t<div class=\"elementor-element elementor-element-ff958d5 elementor-widget elementor-widget-image\" data-id=\"ff958d5\" data-element_type=\"widget\" data-widget_type=\"image.default\">\n\t\t\t\t\t\t\t\t\t\t\t\t\t\t\t<img decoding=\"async\" width=\"800\" height=\"800\" src=\"https:\/\/www.lefrenchtalkstudio.com\/wp-content\/uploads\/2025\/08\/programme_en_ligne-1024x1024.png\" class=\"attachment-large size-large wp-image-228\" alt=\"\" srcset=\"https:\/\/www.lefrenchtalkstudio.com\/wp-content\/uploads\/2025\/08\/programme_en_ligne-1024x1024.png 1024w, https:\/\/www.lefrenchtalkstudio.com\/wp-content\/uploads\/2025\/08\/programme_en_ligne-300x300.png 300w, https:\/\/www.lefrenchtalkstudio.com\/wp-content\/uploads\/2025\/08\/programme_en_ligne-150x150.png 150w, https:\/\/www.lefrenchtalkstudio.com\/wp-content\/uploads\/2025\/08\/programme_en_ligne-768x768.png 768w, https:\/\/www.lefrenchtalkstudio.com\/wp-content\/uploads\/2025\/08\/programme_en_ligne.png 1080w\" sizes=\"(max-width: 800px) 100vw, 800px\" \/>\t\t\t\t\t\t\t\t\t\t\t\t\t\t\t<\/div>\n\t\t\t\t\t<\/div>\n\t\t<\/div>\n\t\t\t\t<div class=\"elementor-column elementor-col-50 elementor-top-column elementor-element elementor-element-ebe8c3c\" data-id=\"ebe8c3c\" data-element_type=\"column\">\n\t\t\t<div class=\"elementor-widget-wrap elementor-element-populated\">\n\t\t\t\t\t\t<div class=\"elementor-element elementor-element-1a7ca21 elementor-widget elementor-widget-heading\" data-id=\"1a7ca21\" data-element_type=\"widget\" data-widget_type=\"heading.default\">\n\t\t\t\t\t<h2 class=\"elementor-heading-title elementor-size-h2\">\ud83d\udcbb Immersion program - the French Immersion Course<\/h2>\t\t\t\t<\/div>\n\t\t\t\t<div class=\"elementor-element elementor-element-91ab22c elementor-widget elementor-widget-text-editor\" data-id=\"91ab22c\" data-element_type=\"widget\" data-widget_type=\"text-editor.default\">\n\t\t\t\t\t\t\t\t\t<p>The promise:<\/p>\t\t\t\t\t\t\t\t<\/div>\n\t\t\t\t<div class=\"elementor-element elementor-element-ff0838e elementor-widget elementor-widget-text-editor\" data-id=\"ff0838e\" data-element_type=\"widget\" data-widget_type=\"text-editor.default\">\n\t\t\t\t\t\t\t\t\t<p>At last, a method for multiplying opportunities to practice and speak French more naturally. It's your flexible online program with 1 year of personalized support.<\/p>\t\t\t\t\t\t\t\t<\/div>\n\t\t\t\t<div class=\"elementor-element elementor-element-a79afd9 elementor-mobile-align-center elementor-widget elementor-widget-button\" data-id=\"a79afd9\" data-element_type=\"widget\" data-widget_type=\"button.default\">\n\t\t\t\t\t\t\t\t\t\t<a class=\"elementor-button elementor-button-link elementor-size-sm\" href=\"https:\/\/c527-info.systeme.io\/french-immersion-course-inscription\" target=\"_blank\">\n\t\t\t\t\t\t<span class=\"elementor-button-content-wrapper\">\n\t\t\t\t\t\t\t\t\t<span class=\"elementor-button-text\">Explorar el programa \u2192<\/span>\n\t\t\t\t\t<\/span>\n\t\t\t\t\t<\/a>\n\t\t\t\t\t\t\t\t<\/div>\n\t\t\t\t\t<\/div>\n\t\t<\/div>\n\t\t\t\t\t<\/div>\n\t\t<\/section>\n\t\t\t\t\t<\/div>\n\t\t<\/div>\n\t\t\t\t\t<\/div>\n\t\t<\/section>\n\t\t\t\t<section class=\"elementor-section elementor-top-section elementor-element elementor-element-118fd1e elementor-section-boxed elementor-section-height-default elementor-section-height-default\" data-id=\"118fd1e\" data-element_type=\"section\" data-settings=\"{&quot;background_background&quot;:&quot;classic&quot;}\">\n\t\t\t\t\t\t<div class=\"elementor-container elementor-column-gap-default\">\n\t\t\t\t\t<div class=\"elementor-column elementor-col-100 elementor-top-column elementor-element elementor-element-2c5268e elementor-invisible\" data-id=\"2c5268e\" data-element_type=\"column\" data-settings=\"{&quot;background_background&quot;:&quot;classic&quot;,&quot;animation&quot;:&quot;fadeInUp&quot;}\">\n\t\t\t<div class=\"elementor-widget-wrap elementor-element-populated\">\n\t\t\t\t\t\t<section class=\"elementor-section elementor-top-section elementor-element elementor-element-36a0ca1 elementor-reverse-tablet elementor-reverse-mobile elementor-section-boxed elementor-section-height-default elementor-section-height-default\" data-id=\"36a0ca1\" data-element_type=\"section\">\n\t\t\t\t\t\t<div class=\"elementor-container elementor-column-gap-default\">\n\t\t\t\t\t<div class=\"elementor-column elementor-col-50 elementor-top-column elementor-element elementor-element-ae910f6\" data-id=\"ae910f6\" data-element_type=\"column\">\n\t\t\t<div class=\"elementor-widget-wrap elementor-element-populated\">\n\t\t\t\t\t\t<div class=\"elementor-element elementor-element-e84e36e elementor-widget elementor-widget-heading\" data-id=\"e84e36e\" data-element_type=\"widget\" data-widget_type=\"heading.default\">\n\t\t\t\t\t<h2 class=\"elementor-heading-title elementor-size-h2\">\ud83d\udcac Individual courses<\/h2>\t\t\t\t<\/div>\n\t\t\t\t<div class=\"elementor-element elementor-element-50d0342 elementor-widget elementor-widget-text-editor\" data-id=\"50d0342\" data-element_type=\"widget\" data-widget_type=\"text-editor.default\">\n\t\t\t\t\t\t\t\t\t<p>The promise:<\/p>\t\t\t\t\t\t\t\t<\/div>\n\t\t\t\t<div class=\"elementor-element elementor-element-9e262b3 elementor-widget elementor-widget-text-editor\" data-id=\"9e262b3\" data-element_type=\"widget\" data-widget_type=\"text-editor.default\">\n\t\t\t\t\t\t\t\t\t<p>Stay connected to French every day with useful, motivating and accessible mini-content.<\/p>\t\t\t\t\t\t\t\t<\/div>\n\t\t\t\t<div class=\"elementor-element elementor-element-a6deef5 elementor-mobile-align-center elementor-widget elementor-widget-button\" data-id=\"a6deef5\" data-element_type=\"widget\" data-widget_type=\"button.default\">\n\t\t\t\t\t\t\t\t\t\t<a class=\"elementor-button elementor-button-link elementor-size-sm\" href=\"https:\/\/c527-info.systeme.io\/cours-individuel\" target=\"_blank\">\n\t\t\t\t\t\t<span class=\"elementor-button-content-wrapper\">\n\t\t\t\t\t\t\t\t\t<span class=\"elementor-button-text\">See private lessons \u2192<\/span>\n\t\t\t\t\t<\/span>\n\t\t\t\t\t<\/a>\n\t\t\t\t\t\t\t\t<\/div>\n\t\t\t\t\t<\/div>\n\t\t<\/div>\n\t\t\t\t<div class=\"elementor-column elementor-col-50 elementor-top-column elementor-element elementor-element-d8b433c\" data-id=\"d8b433c\" data-element_type=\"column\">\n\t\t\t<div class=\"elementor-widget-wrap elementor-element-populated\">\n\t\t\t\t\t\t<div class=\"elementor-element elementor-element-c5f5f97 elementor-widget elementor-widget-image\" data-id=\"c5f5f97\" data-element_type=\"widget\" data-widget_type=\"image.default\">\n\t\t\t\t\t\t\t\t\t\t\t\t\t\t\t<img decoding=\"async\" width=\"800\" height=\"800\" src=\"https:\/\/www.lefrenchtalkstudio.com\/wp-content\/uploads\/2025\/08\/clase_individual-1024x1024.png\" class=\"attachment-large size-large wp-image-226\" alt=\"\" srcset=\"https:\/\/www.lefrenchtalkstudio.com\/wp-content\/uploads\/2025\/08\/clase_individual-1024x1024.png 1024w, https:\/\/www.lefrenchtalkstudio.com\/wp-content\/uploads\/2025\/08\/clase_individual-300x300.png 300w, https:\/\/www.lefrenchtalkstudio.com\/wp-content\/uploads\/2025\/08\/clase_individual-150x150.png 150w, https:\/\/www.lefrenchtalkstudio.com\/wp-content\/uploads\/2025\/08\/clase_individual-768x768.png 768w, https:\/\/www.lefrenchtalkstudio.com\/wp-content\/uploads\/2025\/08\/clase_individual.png 1080w\" sizes=\"(max-width: 800px) 100vw, 800px\" \/>\t\t\t\t\t\t\t\t\t\t\t\t\t\t\t<\/div>\n\t\t\t\t\t<\/div>\n\t\t<\/div>\n\t\t\t\t\t<\/div>\n\t\t<\/section>\n\t\t\t\t\t<\/div>\n\t\t<\/div>\n\t\t\t\t\t<\/div>\n\t\t<\/section>\n\t\t\t\t<section class=\"elementor-section elementor-top-section elementor-element elementor-element-f109704 elementor-section-boxed elementor-section-height-default elementor-section-height-default\" data-id=\"f109704\" data-element_type=\"section\" data-settings=\"{&quot;background_background&quot;:&quot;classic&quot;}\">\n\t\t\t\t\t\t<div class=\"elementor-container elementor-column-gap-default\">\n\t\t\t\t\t<div class=\"elementor-column elementor-col-100 elementor-top-column elementor-element elementor-element-b53f41f elementor-invisible\" data-id=\"b53f41f\" data-element_type=\"column\" data-settings=\"{&quot;animation&quot;:&quot;fadeInUp&quot;}\">\n\t\t\t<div class=\"elementor-widget-wrap elementor-element-populated\">\n\t\t\t\t\t\t<div class=\"elementor-element elementor-element-cb9bb11 elementor-widget elementor-widget-heading\" data-id=\"cb9bb11\" data-element_type=\"widget\" data-widget_type=\"heading.default\">\n\t\t\t\t\t<h2 class=\"elementor-heading-title elementor-size-h2\">Ready to start speaking French?<\/h2>\t\t\t\t<\/div>\n\t\t\t\t<div class=\"elementor-element elementor-element-5e24cc4 elementor-widget elementor-widget-text-editor\" data-id=\"5e24cc4\" data-element_type=\"widget\" data-widget_type=\"text-editor.default\">\n\t\t\t\t\t\t\t\t\t<p>Contact me to find the perfect course for your level and goals.<\/p>\t\t\t\t\t\t\t\t<\/div>\n\t\t\t\t<div class=\"elementor-element elementor-element-fdcb6ad elementor-align-center elementor-widget elementor-widget-button\" data-id=\"fdcb6ad\" data-element_type=\"widget\" data-widget_type=\"button.default\">\n\t\t\t\t\t\t\t\t\t\t<a class=\"elementor-button elementor-button-link elementor-size-sm\" href=\"\/contacto\/\">\n\t\t\t\t\t\t<span class=\"elementor-button-content-wrapper\">\n\t\t\t\t\t\t\t\t\t<span class=\"elementor-button-text\">Contact<\/span>\n\t\t\t\t\t<\/span>\n\t\t\t\t\t<\/a>\n\t\t\t\t\t\t\t\t<\/div>\n\t\t\t\t\t<\/div>\n\t\t<\/div>\n\t\t\t\t\t<\/div>\n\t\t<\/section>\n\t\t\t\t<\/div>","protected":false},"excerpt":{"rendered":"<p>\ud83d\udcbc Tous les cours de Le French Talk Studio Tous les formats sont pens\u00e9s pour t&rsquo;aider \u00e0 parler plus naturellement, m\u00eame si tu ne vis pas en France. Choisis ton format pour r\u00e9activer ton fran\u00e7ais \ud83d\udc65 Cours de conversation \u2013 French Talk en Action La promesse : Parle chaque semaine dans un petit groupe (max [&hellip;]<\/p>","protected":false},"author":1,"featured_media":0,"parent":0,"menu_order":0,"comment_status":"closed","ping_status":"closed","template":"","meta":{"_acf_changed":false,"footnotes":""},"class_list":["post-567","page","type-page","status-publish","hentry"],"acf":[],"yoast_head":"<!-- This site is optimized with the Yoast SEO plugin v25.5 - https:\/\/yoast.com\/wordpress\/plugins\/seo\/ -->\n<title>Service - LE FRENCH TALK STUDIO<\/title>\n<meta name=\"robots\" content=\"index, follow, max-snippet:-1, max-image-preview:large, max-video-preview:-1\" \/>\n<link rel=\"canonical\" href=\"https:\/\/www.lefrenchtalkstudio.com\/en\/service\/\" \/>\n<meta property=\"og:locale\" content=\"en_US\" \/>\n<meta property=\"og:type\" content=\"article\" \/>\n<meta property=\"og:title\" content=\"Service - LE FRENCH TALK STUDIO\" \/>\n<meta property=\"og:description\" content=\"\ud83d\udcbc Tous les cours de Le French Talk Studio Tous les formats sont pens\u00e9s pour t&rsquo;aider \u00e0 parler plus naturellement, m\u00eame si tu ne vis pas en France. Choisis ton format pour r\u00e9activer ton fran\u00e7ais \ud83d\udc65 Cours de conversation \u2013 French Talk en Action La promesse : Parle chaque semaine dans un petit groupe (max [&hellip;]\" \/>\n<meta property=\"og:url\" content=\"https:\/\/www.lefrenchtalkstudio.com\/en\/service\/\" \/>\n<meta property=\"og:site_name\" content=\"LE FRENCH TALK STUDIO\" \/>\n<meta property=\"article:modified_time\" content=\"2025-12-04T09:24:54+00:00\" \/>\n<meta property=\"og:image\" content=\"https:\/\/www.lefrenchtalkstudio.com\/wp-content\/uploads\/2025\/08\/cours_de_conversation.png\" \/>\n\t<meta property=\"og:image:width\" content=\"1080\" \/>\n\t<meta property=\"og:image:height\" content=\"1080\" \/>\n\t<meta property=\"og:image:type\" content=\"image\/png\" \/>\n<meta name=\"twitter:card\" content=\"summary_large_image\" \/>\n<meta name=\"twitter:label1\" content=\"Est. reading time\" \/>\n\t<meta name=\"twitter:data1\" content=\"2 minutes\" \/>\n<script type=\"application\/ld+json\" class=\"yoast-schema-graph\">{\"@context\":\"https:\/\/schema.org\",\"@graph\":[{\"@type\":\"WebPage\",\"@id\":\"https:\/\/www.lefrenchtalkstudio.com\/fr\/service\/\",\"url\":\"https:\/\/www.lefrenchtalkstudio.com\/fr\/service\/\",\"name\":\"Service - LE FRENCH TALK STUDIO\",\"isPartOf\":{\"@id\":\"https:\/\/www.lefrenchtalkstudio.com\/#website\"},\"primaryImageOfPage\":{\"@id\":\"https:\/\/www.lefrenchtalkstudio.com\/fr\/service\/#primaryimage\"},\"image\":{\"@id\":\"https:\/\/www.lefrenchtalkstudio.com\/fr\/service\/#primaryimage\"},\"thumbnailUrl\":\"https:\/\/www.lefrenchtalkstudio.com\/wp-content\/uploads\/2025\/08\/cours_de_conversation-1024x1024.png\",\"datePublished\":\"2025-09-04T19:44:29+00:00\",\"dateModified\":\"2025-12-04T09:24:54+00:00\",\"breadcrumb\":{\"@id\":\"https:\/\/www.lefrenchtalkstudio.com\/fr\/service\/#breadcrumb\"},\"inLanguage\":\"en-US\",\"potentialAction\":[{\"@type\":\"ReadAction\",\"target\":[\"https:\/\/www.lefrenchtalkstudio.com\/fr\/service\/\"]}]},{\"@type\":\"ImageObject\",\"inLanguage\":\"en-US\",\"@id\":\"https:\/\/www.lefrenchtalkstudio.com\/fr\/service\/#primaryimage\",\"url\":\"https:\/\/www.lefrenchtalkstudio.com\/wp-content\/uploads\/2025\/08\/cours_de_conversation-1024x1024.png\",\"contentUrl\":\"https:\/\/www.lefrenchtalkstudio.com\/wp-content\/uploads\/2025\/08\/cours_de_conversation-1024x1024.png\"},{\"@type\":\"BreadcrumbList\",\"@id\":\"https:\/\/www.lefrenchtalkstudio.com\/fr\/service\/#breadcrumb\",\"itemListElement\":[{\"@type\":\"ListItem\",\"position\":1,\"name\":\"Home\",\"item\":\"https:\/\/www.lefrenchtalkstudio.com\/\"},{\"@type\":\"ListItem\",\"position\":2,\"name\":\"Service\"}]},{\"@type\":\"WebSite\",\"@id\":\"https:\/\/www.lefrenchtalkstudio.com\/#website\",\"url\":\"https:\/\/www.lefrenchtalkstudio.com\/\",\"name\":\"lefrenchtalkstudio.com\",\"description\":\"\",\"publisher\":{\"@id\":\"https:\/\/www.lefrenchtalkstudio.com\/#organization\"},\"alternateName\":\"LE FRENCH TALK STUDIO\",\"potentialAction\":[{\"@type\":\"SearchAction\",\"target\":{\"@type\":\"EntryPoint\",\"urlTemplate\":\"https:\/\/www.lefrenchtalkstudio.com\/?s={search_term_string}\"},\"query-input\":{\"@type\":\"PropertyValueSpecification\",\"valueRequired\":true,\"valueName\":\"search_term_string\"}}],\"inLanguage\":\"en-US\"},{\"@type\":\"Organization\",\"@id\":\"https:\/\/www.lefrenchtalkstudio.com\/#organization\",\"name\":\"LE FRENCH TALK STUDIO\",\"url\":\"https:\/\/www.lefrenchtalkstudio.com\/\",\"logo\":{\"@type\":\"ImageObject\",\"inLanguage\":\"en-US\",\"@id\":\"https:\/\/www.lefrenchtalkstudio.com\/#\/schema\/logo\/image\/\",\"url\":\"https:\/\/www.lefrenchtalkstudio.com\/wp-content\/uploads\/2025\/09\/cropped-image.webp\",\"contentUrl\":\"https:\/\/www.lefrenchtalkstudio.com\/wp-content\/uploads\/2025\/09\/cropped-image.webp\",\"width\":512,\"height\":512,\"caption\":\"LE FRENCH TALK STUDIO\"},\"image\":{\"@id\":\"https:\/\/www.lefrenchtalkstudio.com\/#\/schema\/logo\/image\/\"}}]}<\/script>\n<!-- \/ Yoast SEO plugin. -->","yoast_head_json":{"title":"Service - LE FRENCH TALK STUDIO","robots":{"index":"index","follow":"follow","max-snippet":"max-snippet:-1","max-image-preview":"max-image-preview:large","max-video-preview":"max-video-preview:-1"},"canonical":"https:\/\/www.lefrenchtalkstudio.com\/en\/service\/","og_locale":"en_US","og_type":"article","og_title":"Service - LE FRENCH TALK STUDIO","og_description":"\ud83d\udcbc Tous les cours de Le French Talk Studio Tous les formats sont pens\u00e9s pour t&rsquo;aider \u00e0 parler plus naturellement, m\u00eame si tu ne vis pas en France. Choisis ton format pour r\u00e9activer ton fran\u00e7ais \ud83d\udc65 Cours de conversation \u2013 French Talk en Action La promesse : Parle chaque semaine dans un petit groupe (max [&hellip;]","og_url":"https:\/\/www.lefrenchtalkstudio.com\/en\/service\/","og_site_name":"LE FRENCH TALK STUDIO","article_modified_time":"2025-12-04T09:24:54+00:00","og_image":[{"width":1080,"height":1080,"url":"https:\/\/www.lefrenchtalkstudio.com\/wp-content\/uploads\/2025\/08\/cours_de_conversation.png","type":"image\/png"}],"twitter_card":"summary_large_image","twitter_misc":{"Est. reading time":"2 minutes"},"schema":{"@context":"https:\/\/schema.org","@graph":[{"@type":"WebPage","@id":"https:\/\/www.lefrenchtalkstudio.com\/fr\/service\/","url":"https:\/\/www.lefrenchtalkstudio.com\/fr\/service\/","name":"Service - LE FRENCH TALK STUDIO","isPartOf":{"@id":"https:\/\/www.lefrenchtalkstudio.com\/#website"},"primaryImageOfPage":{"@id":"https:\/\/www.lefrenchtalkstudio.com\/fr\/service\/#primaryimage"},"image":{"@id":"https:\/\/www.lefrenchtalkstudio.com\/fr\/service\/#primaryimage"},"thumbnailUrl":"https:\/\/www.lefrenchtalkstudio.com\/wp-content\/uploads\/2025\/08\/cours_de_conversation-1024x1024.png","datePublished":"2025-09-04T19:44:29+00:00","dateModified":"2025-12-04T09:24:54+00:00","breadcrumb":{"@id":"https:\/\/www.lefrenchtalkstudio.com\/fr\/service\/#breadcrumb"},"inLanguage":"en-US","potentialAction":[{"@type":"ReadAction","target":["https:\/\/www.lefrenchtalkstudio.com\/fr\/service\/"]}]},{"@type":"ImageObject","inLanguage":"en-US","@id":"https:\/\/www.lefrenchtalkstudio.com\/fr\/service\/#primaryimage","url":"https:\/\/www.lefrenchtalkstudio.com\/wp-content\/uploads\/2025\/08\/cours_de_conversation-1024x1024.png","contentUrl":"https:\/\/www.lefrenchtalkstudio.com\/wp-content\/uploads\/2025\/08\/cours_de_conversation-1024x1024.png"},{"@type":"BreadcrumbList","@id":"https:\/\/www.lefrenchtalkstudio.com\/fr\/service\/#breadcrumb","itemListElement":[{"@type":"ListItem","position":1,"name":"Home","item":"https:\/\/www.lefrenchtalkstudio.com\/"},{"@type":"ListItem","position":2,"name":"Service"}]},{"@type":"WebSite","@id":"https:\/\/www.lefrenchtalkstudio.com\/#website","url":"https:\/\/www.lefrenchtalkstudio.com\/","name":"lefrenchtalkstudio.com","description":"","publisher":{"@id":"https:\/\/www.lefrenchtalkstudio.com\/#organization"},"alternateName":"LE FRENCH TALK STUDIO","potentialAction":[{"@type":"SearchAction","target":{"@type":"EntryPoint","urlTemplate":"https:\/\/www.lefrenchtalkstudio.com\/?s={search_term_string}"},"query-input":{"@type":"PropertyValueSpecification","valueRequired":true,"valueName":"search_term_string"}}],"inLanguage":"en-US"},{"@type":"Organization","@id":"https:\/\/www.lefrenchtalkstudio.com\/#organization","name":"LE FRENCH TALK STUDIO","url":"https:\/\/www.lefrenchtalkstudio.com\/","logo":{"@type":"ImageObject","inLanguage":"en-US","@id":"https:\/\/www.lefrenchtalkstudio.com\/#\/schema\/logo\/image\/","url":"https:\/\/www.lefrenchtalkstudio.com\/wp-content\/uploads\/2025\/09\/cropped-image.webp","contentUrl":"https:\/\/www.lefrenchtalkstudio.com\/wp-content\/uploads\/2025\/09\/cropped-image.webp","width":512,"height":512,"caption":"LE FRENCH TALK STUDIO"},"image":{"@id":"https:\/\/www.lefrenchtalkstudio.com\/#\/schema\/logo\/image\/"}}]}},"_links":{"self":[{"href":"https:\/\/www.lefrenchtalkstudio.com\/en\/wp-json\/wp\/v2\/pages\/567","targetHints":{"allow":["GET"]}}],"collection":[{"href":"https:\/\/www.lefrenchtalkstudio.com\/en\/wp-json\/wp\/v2\/pages"}],"about":[{"href":"https:\/\/www.lefrenchtalkstudio.com\/en\/wp-json\/wp\/v2\/types\/page"}],"author":[{"embeddable":true,"href":"https:\/\/www.lefrenchtalkstudio.com\/en\/wp-json\/wp\/v2\/users\/1"}],"replies":[{"embeddable":true,"href":"https:\/\/www.lefrenchtalkstudio.com\/en\/wp-json\/wp\/v2\/comments?post=567"}],"version-history":[{"count":13,"href":"https:\/\/www.lefrenchtalkstudio.com\/en\/wp-json\/wp\/v2\/pages\/567\/revisions"}],"predecessor-version":[{"id":844,"href":"https:\/\/www.lefrenchtalkstudio.com\/en\/wp-json\/wp\/v2\/pages\/567\/revisions\/844"}],"wp:attachment":[{"href":"https:\/\/www.lefrenchtalkstudio.com\/en\/wp-json\/wp\/v2\/media?parent=567"}],"curies":[{"name":"wp","href":"https:\/\/api.w.org\/{rel}","templated":true}]}}